{"id":12191,"date":"2023-08-01T09:30:50","date_gmt":"2023-08-01T14:30:50","guid":{"rendered":"https:\/\/imperialeagles.edu.co\/web\/?page_id=12191"},"modified":"2025-11-26T08:10:52","modified_gmt":"2025-11-26T13:10:52","slug":"formulario-de-inscripcion-2025","status":"publish","type":"page","link":"https:\/\/imperialeagles.edu.co\/web\/formulario-de-inscripcion-2025\/","title":{"rendered":"Inscripciones 2026"},"content":{"rendered":"\n<figure class=\"wp-block-image size-large\"><img loading=\"lazy\" decoding=\"async\" width=\"1024\" height=\"576\" src=\"https:\/\/imperialeagles.edu.co\/web\/wp-content\/uploads\/2025\/08\/FECHAS_INSCRIPCIONES_2026-1024x576.png\" alt=\"\" class=\"wp-image-13064\" srcset=\"https:\/\/imperialeagles.edu.co\/web\/wp-content\/uploads\/2025\/08\/FECHAS_INSCRIPCIONES_2026-1024x576.png 1024w, https:\/\/imperialeagles.edu.co\/web\/wp-content\/uploads\/2025\/08\/FECHAS_INSCRIPCIONES_2026-300x169.png 300w, https:\/\/imperialeagles.edu.co\/web\/wp-content\/uploads\/2025\/08\/FECHAS_INSCRIPCIONES_2026-768x432.png 768w, https:\/\/imperialeagles.edu.co\/web\/wp-content\/uploads\/2025\/08\/FECHAS_INSCRIPCIONES_2026.png 1280w\" sizes=\"auto, (max-width: 1024px) 100vw, 1024px\" \/><\/figure>\n\n\n<h2 style=\"text-align: center;\"><em>\u26a0\ufe0f<\/em>ADVERTENCIA<em>\u26a0\ufe0f<\/em><\/h2>\n<h3><strong>No contamos con cupo para los siguientes grados:<\/strong><br>&#8211; Transici\u00f3n \/ Pre-escolar<br>&#8211; Segundo \/ B\u00e1sica Primaria<br>&#8211; Tercero \/ B\u00e1sica Primaria<br>&#8211; Cuarto \/ B\u00e1sica Primaria<br>&#8211; Quinto \/ B\u00e1sica Primaria<br>&#8211; Sexto \/ B\u00e1sica Secundaria<br>&#8211; S\u00e9ptimo \/ B\u00e1sica Secundaria<\/h3>\n<p>[vc_tta_accordion style=&#8221;outline&#8221; color=&#8221;sky&#8221; active_section=&#8221;&#8221; title=&#8221;PROCESO DE ADMISIONES&#8221;][vc_tta_section title=&#8221;PASO 1 &#8211; PAGO DE INSCRIPCI\u00d3N &#8211; Desde el 28 de Agosto&#8221; tab_id=&#8221;1599053994921-38f53697-f609&#8243;][vc_column_text]<strong>El pago de inscripci\u00f3n se debe realizar a la siguiente cuenta bancaria:<\/strong><\/p>\n<ul>\n<li>DAVIVIENDA<\/li>\n<li>Sucursal Centro<\/li>\n<li>Convenio: Imperial Eagles<\/li>\n<li>Valor: $100.000<\/li>\n<\/ul>\n<p><strong>M\u00e9todos de pago habilitados<\/strong><\/p>\n<ul>\n<li>Consignaci\u00f3n<\/li>\n<li>Nequi: 3107511240 Yumer Renter\u00eda Tr\u00e9llez<\/li>\n<\/ul>\n<p><strong>NOTA:<\/strong> Recuerde tener a mano el soporte de pago, \u00e9ste se requiere a la hora de diligenciar el formulario.<\/p>\n<h5><em>El pago realizado, no tendr\u00e1 devoluci\u00f3n por ning\u00fan motivo y tampoco garantiza la obtenci\u00f3n del cupo.<\/em><\/h5>\n<p>[\/vc_tta_section][vc_tta_section title=&#8221;PASO 2 &#8211; DILIGENCIAMIENTO FORMULARIO DE INSCRIPCI\u00d3N &#8211; Desde el 28 de Agosto&#8221; tab_id=&#8221;1599053994920-1a79fbcd-bb2d&#8221;]<div class=\"thim-widget-heading\"><div class=\"sc_heading   \"><h3 style=\"color:#1e73be;\" class=\"title\">Formulario de Inscripci\u00f3n<\/h3><p class=\"sub-heading\" style=\"color:#000000;\">Nota: Para diligenciar el formulario debe tener a la mano el recibo o soporte de pago por concepto de inscripci\u00f3n, el cual debe adjuntar en la informaci\u00f3n a registrar.<\/p><span class=\"line\"><\/span><\/div><\/div>\n<div class=\"wpcf7 no-js\" id=\"wpcf7-f12194-o1\" lang=\"es-CO\" dir=\"ltr\" data-wpcf7-id=\"12194\">\n<div class=\"screen-reader-response\"><p role=\"status\" aria-live=\"polite\" aria-atomic=\"true\"><\/p> <ul><\/ul><\/div>\n<form action=\"\/web\/wp-json\/wp\/v2\/pages\/12191#wpcf7-f12194-o1\" method=\"post\" class=\"wpcf7-form init\" aria-label=\"Formulario de contacto\" enctype=\"multipart\/form-data\" novalidate=\"novalidate\" data-status=\"init\">\n<div style=\"display: none;\">\n<input type=\"hidden\" name=\"_wpcf7\" value=\"12194\" \/>\n<input type=\"hidden\" name=\"_wpcf7_version\" value=\"6.0.6\" \/>\n<input type=\"hidden\" name=\"_wpcf7_locale\" value=\"es_CO\" \/>\n<input type=\"hidden\" name=\"_wpcf7_unit_tag\" value=\"wpcf7-f12194-o1\" \/>\n<input type=\"hidden\" name=\"_wpcf7_container_post\" value=\"0\" \/>\n<input type=\"hidden\" name=\"_wpcf7_posted_data_hash\" value=\"\" \/>\n<\/div>\n<h3>DATOS DEL ESTUDIANTE\n<\/h3>\n<p><label> Nombres y Apellidos<br \/>\n<span class=\"wpcf7-form-control-wrap\" data-name=\"your-name\"><input size=\"250\" maxlength=\"400\" class=\"wpcf7-form-control wpcf7-text wpcf7-validates-as-required\" aria-required=\"true\" aria-invalid=\"false\" value=\"\" type=\"text\" name=\"your-name\" \/><\/span> <\/label>\n<\/p>\n<p><label> Tipo de Documento<br \/>\n<span class=\"wpcf7-form-control-wrap\" data-name=\"your-type-document\"><select class=\"wpcf7-form-control wpcf7-select\" aria-invalid=\"false\" name=\"your-type-document\"><option value=\"RC\">RC<\/option><option value=\"TI\">TI<\/option><option value=\"NUIP\">NUIP<\/option><\/select><\/span> <\/label>\n<\/p>\n<p><label> Documento de identidad<br \/>\n<span class=\"wpcf7-form-control-wrap\" data-name=\"your-document\"><input size=\"40\" maxlength=\"400\" class=\"wpcf7-form-control wpcf7-text wpcf7-validates-as-required\" aria-required=\"true\" aria-invalid=\"false\" value=\"\" type=\"text\" name=\"your-document\" \/><\/span> <\/label>\n<\/p>\n<p><label> Fecha de nacimiento<br \/>\n<span class=\"wpcf7-form-control-wrap\" data-name=\"your-birth\"><input class=\"wpcf7-form-control wpcf7-date wpcf7-validates-as-required wpcf7-validates-as-date\" min=\"1980-01-01\" aria-required=\"true\" aria-invalid=\"false\" value=\"\" type=\"date\" name=\"your-birth\" \/><\/span> <\/label>\n<\/p>\n<p><label> Lugar de Nacimiento<br \/>\n<span class=\"wpcf7-form-control-wrap\" data-name=\"your-birth-city\"><input size=\"250\" maxlength=\"400\" class=\"wpcf7-form-control wpcf7-text wpcf7-validates-as-required\" aria-required=\"true\" aria-invalid=\"false\" value=\"\" type=\"text\" name=\"your-birth-city\" \/><\/span> <\/label>\n<\/p>\n<p><label> Grado al que ingresa<br \/>\n<span class=\"wpcf7-form-control-wrap\" data-name=\"your-new-grade\"><input size=\"250\" maxlength=\"400\" class=\"wpcf7-form-control wpcf7-text wpcf7-validates-as-required\" aria-required=\"true\" aria-invalid=\"false\" value=\"\" type=\"text\" name=\"your-new-grade\" \/><\/span> <\/label>\n<\/p>\n<p><label> Grado que cursa<br \/>\n<span class=\"wpcf7-form-control-wrap\" data-name=\"your-grade\"><input size=\"250\" maxlength=\"400\" class=\"wpcf7-form-control wpcf7-text wpcf7-validates-as-required\" aria-required=\"true\" aria-invalid=\"false\" value=\"\" type=\"text\" name=\"your-grade\" \/><\/span> <\/label>\n<\/p>\n<p><label> EPS<br \/>\n<span class=\"wpcf7-form-control-wrap\" data-name=\"your-eps\"><input size=\"250\" maxlength=\"400\" class=\"wpcf7-form-control wpcf7-text wpcf7-validates-as-required\" aria-required=\"true\" aria-invalid=\"false\" value=\"\" type=\"text\" name=\"your-eps\" \/><\/span> <\/label>\n<\/p>\n<p><label> Grupo sangu\u00edneo<br \/>\n<span class=\"wpcf7-form-control-wrap\" data-name=\"your-rh\"><input size=\"250\" maxlength=\"400\" class=\"wpcf7-form-control wpcf7-text wpcf7-validates-as-required\" aria-required=\"true\" aria-invalid=\"false\" value=\"\" type=\"text\" name=\"your-rh\" \/><\/span> <\/label>\n<\/p>\n<p><label> Religi\u00f3n<br \/>\n<span class=\"wpcf7-form-control-wrap\" data-name=\"your-religion\"><input size=\"250\" maxlength=\"400\" class=\"wpcf7-form-control wpcf7-text wpcf7-validates-as-required\" aria-required=\"true\" aria-invalid=\"false\" value=\"\" type=\"text\" name=\"your-religion\" \/><\/span> <\/label>\n<\/p>\n<p><label> Colegio donde curso el grado anterior<br \/>\n<span class=\"wpcf7-form-control-wrap\" data-name=\"your-school\"><input size=\"250\" maxlength=\"400\" class=\"wpcf7-form-control wpcf7-text wpcf7-validates-as-required\" aria-required=\"true\" aria-invalid=\"false\" value=\"\" type=\"text\" name=\"your-school\" \/><\/span> <\/label>\n<\/p>\n<p><label> Direcci\u00f3n<br \/>\n<span class=\"wpcf7-form-control-wrap\" data-name=\"your-address\"><input size=\"250\" maxlength=\"400\" class=\"wpcf7-form-control wpcf7-text wpcf7-validates-as-required\" aria-required=\"true\" aria-invalid=\"false\" value=\"\" type=\"text\" name=\"your-address\" \/><\/span> <\/label>\n<\/p>\n<p><label> Municipio<br \/>\n<span class=\"wpcf7-form-control-wrap\" data-name=\"your-city\"><input size=\"250\" maxlength=\"400\" class=\"wpcf7-form-control wpcf7-text wpcf7-validates-as-required\" aria-required=\"true\" aria-invalid=\"false\" value=\"\" type=\"text\" name=\"your-city\" \/><\/span> <\/label>\n<\/p>\n<p><label> Tel\u00e9fono<br \/>\n<span class=\"wpcf7-form-control-wrap\" data-name=\"your-phone\"><input size=\"250\" maxlength=\"400\" class=\"wpcf7-form-control wpcf7-text wpcf7-validates-as-required\" aria-required=\"true\" aria-invalid=\"false\" value=\"\" type=\"text\" name=\"your-phone\" \/><\/span> <\/label>\n<\/p>\n<p><label> Medio por el cual se entero de nuestra instituci\u00f3n<br \/>\n<span class=\"wpcf7-form-control-wrap\" data-name=\"your-medio\"><input size=\"250\" maxlength=\"400\" class=\"wpcf7-form-control wpcf7-text wpcf7-validates-as-required\" aria-required=\"true\" aria-invalid=\"false\" value=\"\" type=\"text\" name=\"your-medio\" \/><\/span> <\/label>\n<\/p>\n<h3>DATOS DEL PADRE\n<\/h3>\n<p><label> Nombres y Apellidos<br \/>\n<span class=\"wpcf7-form-control-wrap\" data-name=\"your-father-name\"><input size=\"150\" maxlength=\"400\" class=\"wpcf7-form-control wpcf7-text wpcf7-validates-as-required\" aria-required=\"true\" aria-invalid=\"false\" value=\"\" type=\"text\" name=\"your-father-name\" \/><\/span> <\/label>\n<\/p>\n<p><label> Tipo de Documento<br \/>\n<span class=\"wpcf7-form-control-wrap\" data-name=\"your-father-type-document\"><select class=\"wpcf7-form-control wpcf7-select\" aria-invalid=\"false\" name=\"your-father-type-document\"><option value=\"CC\">CC<\/option><option value=\"C\/E\">C\/E<\/option><\/select><\/span> <\/label>\n<\/p>\n<p><label> C\u00e9dula de Ciudadan\u00eda<br \/>\n<span class=\"wpcf7-form-control-wrap\" data-name=\"your-father-document\"><input size=\"40\" maxlength=\"400\" class=\"wpcf7-form-control wpcf7-text wpcf7-validates-as-required\" aria-required=\"true\" aria-invalid=\"false\" value=\"\" type=\"text\" name=\"your-father-document\" \/><\/span> <\/label>\n<\/p>\n<p><label> Nivel de estudio<br \/>\n<span class=\"wpcf7-form-control-wrap\" data-name=\"your-father-nivel\"><select class=\"wpcf7-form-control wpcf7-select wpcf7-validates-as-required\" aria-required=\"true\" aria-invalid=\"false\" name=\"your-father-nivel\"><option value=\"PRIMARIA\">PRIMARIA<\/option><option value=\"BACHILLER\">BACHILLER<\/option><option value=\"T\u00c9CNICO\">T\u00c9CNICO<\/option><option value=\"TECN\u00d3LOGO\">TECN\u00d3LOGO<\/option><option value=\"PREGRADO\">PREGRADO<\/option><option value=\"POSGRADO\">POSGRADO<\/option><\/select><\/span> <\/label>\n<\/p>\n<p><label> Titulo que otorga<br \/>\n<span class=\"wpcf7-form-control-wrap\" data-name=\"your-father-title\"><input size=\"150\" maxlength=\"400\" class=\"wpcf7-form-control wpcf7-text wpcf7-validates-as-required\" aria-required=\"true\" aria-invalid=\"false\" value=\"\" type=\"text\" name=\"your-father-title\" \/><\/span> <\/label>\n<\/p>\n<p><label> Ocupaci\u00f3n<br \/>\n<span class=\"wpcf7-form-control-wrap\" data-name=\"your-father-job\"><input size=\"150\" maxlength=\"400\" class=\"wpcf7-form-control wpcf7-text wpcf7-validates-as-required\" aria-required=\"true\" aria-invalid=\"false\" value=\"\" type=\"text\" name=\"your-father-job\" \/><\/span> <\/label>\n<\/p>\n<p><label> Fuentes de ingresos(Puede marcar mas de una opci\u00f3n)<\/label><br \/>\n<span class=\"wpcf7-form-control-wrap\" data-name=\"your-father-ingresos\"><span class=\"wpcf7-form-control wpcf7-checkbox wpcf7-validates-as-required\"><span class=\"wpcf7-list-item first\"><label><input type=\"checkbox\" name=\"your-father-ingresos[]\" value=\"EMPLEADO\" \/><span class=\"wpcf7-list-item-label\">EMPLEADO<\/span><\/label><\/span><span class=\"wpcf7-list-item\"><label><input type=\"checkbox\" name=\"your-father-ingresos[]\" value=\"INDEPENDIENTE\" \/><span class=\"wpcf7-list-item-label\">INDEPENDIENTE<\/span><\/label><\/span><span class=\"wpcf7-list-item\"><label><input type=\"checkbox\" name=\"your-father-ingresos[]\" value=\"PENSIONADO\" \/><span class=\"wpcf7-list-item-label\">PENSIONADO<\/span><\/label><\/span><span class=\"wpcf7-list-item\"><label><input type=\"checkbox\" name=\"your-father-ingresos[]\" value=\"CONTRATISTA\" \/><span class=\"wpcf7-list-item-label\">CONTRATISTA<\/span><\/label><\/span><span class=\"wpcf7-list-item\"><label><input type=\"checkbox\" name=\"your-father-ingresos[]\" value=\"COMERCIANTE\" \/><span class=\"wpcf7-list-item-label\">COMERCIANTE<\/span><\/label><\/span><span class=\"wpcf7-list-item\"><label><input type=\"checkbox\" name=\"your-father-ingresos[]\" value=\"NINGUNA\" \/><span class=\"wpcf7-list-item-label\">NINGUNA<\/span><\/label><\/span><span class=\"wpcf7-list-item last\"><label><input type=\"checkbox\" name=\"your-father-ingresos[]\" value=\"OTRO\" \/><span class=\"wpcf7-list-item-label\">OTRO<\/span><\/label><\/span><\/span><\/span>\n<\/p>\n<p><label> \u00bfCu\u00e1l?<br \/>\n<span class=\"wpcf7-form-control-wrap\" data-name=\"your-father-cual\"><input size=\"150\" maxlength=\"400\" class=\"wpcf7-form-control wpcf7-text\" aria-invalid=\"false\" value=\"\" type=\"text\" name=\"your-father-cual\" \/><\/span> <\/label>\n<\/p>\n<p><label> Rango de ingresos<br \/>\n<span class=\"wpcf7-form-control-wrap\" data-name=\"your-father-range\"><select class=\"wpcf7-form-control wpcf7-select wpcf7-validates-as-required\" aria-required=\"true\" aria-invalid=\"false\" name=\"your-father-range\"><option value=\"1-2 SMMLV\">1-2 SMMLV<\/option><option value=\"2-4 SMMLV\">2-4 SMMLV<\/option><option value=\"4-6 SMMLV\">4-6 SMMLV<\/option><option value=\"6-10 SMMLV\">6-10 SMMLV<\/option><option value=\"+10 SMMLV\">+10 SMMLV<\/option><\/select><\/span> <\/label>\n<\/p>\n<p><label> Direcci\u00f3n<br \/>\n<span class=\"wpcf7-form-control-wrap\" data-name=\"your-father-address\"><input size=\"150\" maxlength=\"400\" class=\"wpcf7-form-control wpcf7-text wpcf7-validates-as-required\" aria-required=\"true\" aria-invalid=\"false\" value=\"\" type=\"text\" name=\"your-father-address\" \/><\/span> <\/label>\n<\/p>\n<p><label> Tel\u00e9fono<br \/>\n<span class=\"wpcf7-form-control-wrap\" data-name=\"your-father-phone\"><input size=\"150\" maxlength=\"400\" class=\"wpcf7-form-control wpcf7-text wpcf7-validates-as-required\" aria-required=\"true\" aria-invalid=\"false\" value=\"\" type=\"text\" name=\"your-father-phone\" \/><\/span> <\/label>\n<\/p>\n<p><label> Correo Electr\u00f3nico<br \/>\n<span class=\"wpcf7-form-control-wrap\" data-name=\"your-father-email\"><input size=\"150\" maxlength=\"400\" class=\"wpcf7-form-control wpcf7-email wpcf7-text wpcf7-validates-as-email\" aria-invalid=\"false\" value=\"\" type=\"email\" name=\"your-father-email\" \/><\/span> <\/label>\n<\/p>\n<h3>DATOS DE LA MADRE\n<\/h3>\n<p><label> Nombres y Apellidos<br \/>\n<span class=\"wpcf7-form-control-wrap\" data-name=\"your-mother-name\"><input size=\"150\" maxlength=\"400\" class=\"wpcf7-form-control wpcf7-text wpcf7-validates-as-required\" aria-required=\"true\" aria-invalid=\"false\" value=\"\" type=\"text\" name=\"your-mother-name\" \/><\/span> <\/label>\n<\/p>\n<p><label> Tipo de Documento<br \/>\n<span class=\"wpcf7-form-control-wrap\" data-name=\"your-mother-type-document\"><select class=\"wpcf7-form-control wpcf7-select\" aria-invalid=\"false\" name=\"your-mother-type-document\"><option value=\"CC\">CC<\/option><option value=\"C\/E\">C\/E<\/option><\/select><\/span> <\/label>\n<\/p>\n<p><label> C\u00e9dula de Ciudadan\u00eda<br \/>\n<span class=\"wpcf7-form-control-wrap\" data-name=\"your-mother-document\"><input size=\"40\" maxlength=\"400\" class=\"wpcf7-form-control wpcf7-text wpcf7-validates-as-required\" aria-required=\"true\" aria-invalid=\"false\" value=\"\" type=\"text\" name=\"your-mother-document\" \/><\/span> <\/label>\n<\/p>\n<p><label> Nivel de estudio<br \/>\n<span class=\"wpcf7-form-control-wrap\" data-name=\"your-mother-nivel\"><select class=\"wpcf7-form-control wpcf7-select wpcf7-validates-as-required\" aria-required=\"true\" aria-invalid=\"false\" name=\"your-mother-nivel\"><option value=\"PRIMARIA\">PRIMARIA<\/option><option value=\"BACHILLER\">BACHILLER<\/option><option value=\"T\u00c9CNICO\">T\u00c9CNICO<\/option><option value=\"TECN\u00d3LOGO\">TECN\u00d3LOGO<\/option><option value=\"PREGRADO\">PREGRADO<\/option><option value=\"POSGRADO\">POSGRADO<\/option><\/select><\/span> <\/label>\n<\/p>\n<p><label> Titulo que otorga<br \/>\n<span class=\"wpcf7-form-control-wrap\" data-name=\"your-mother-title\"><input size=\"150\" maxlength=\"400\" class=\"wpcf7-form-control wpcf7-text wpcf7-validates-as-required\" aria-required=\"true\" aria-invalid=\"false\" value=\"\" type=\"text\" name=\"your-mother-title\" \/><\/span> <\/label>\n<\/p>\n<p><label> Ocupaci\u00f3n<br \/>\n<span class=\"wpcf7-form-control-wrap\" data-name=\"your-mother-job\"><input size=\"150\" maxlength=\"400\" class=\"wpcf7-form-control wpcf7-text wpcf7-validates-as-required\" aria-required=\"true\" aria-invalid=\"false\" value=\"\" type=\"text\" name=\"your-mother-job\" \/><\/span> <\/label>\n<\/p>\n<p><label> Fuentes de ingresos(Puede marcar mas de una opci\u00f3n)<\/label><br \/>\n<span class=\"wpcf7-form-control-wrap\" data-name=\"your-mother-ingresos\"><span class=\"wpcf7-form-control wpcf7-checkbox wpcf7-validates-as-required\"><span class=\"wpcf7-list-item first\"><label><input type=\"checkbox\" name=\"your-mother-ingresos[]\" value=\"EMPLEADO\" \/><span class=\"wpcf7-list-item-label\">EMPLEADO<\/span><\/label><\/span><span class=\"wpcf7-list-item\"><label><input type=\"checkbox\" name=\"your-mother-ingresos[]\" value=\"INDEPENDIENTE\" \/><span class=\"wpcf7-list-item-label\">INDEPENDIENTE<\/span><\/label><\/span><span class=\"wpcf7-list-item\"><label><input type=\"checkbox\" name=\"your-mother-ingresos[]\" value=\"PENSIONADO\" \/><span class=\"wpcf7-list-item-label\">PENSIONADO<\/span><\/label><\/span><span class=\"wpcf7-list-item\"><label><input type=\"checkbox\" name=\"your-mother-ingresos[]\" value=\"CONTRATISTA\" \/><span class=\"wpcf7-list-item-label\">CONTRATISTA<\/span><\/label><\/span><span class=\"wpcf7-list-item\"><label><input type=\"checkbox\" name=\"your-mother-ingresos[]\" value=\"COMERCIANTE\" \/><span class=\"wpcf7-list-item-label\">COMERCIANTE<\/span><\/label><\/span><span class=\"wpcf7-list-item\"><label><input type=\"checkbox\" name=\"your-mother-ingresos[]\" value=\"NINGUNA\" \/><span class=\"wpcf7-list-item-label\">NINGUNA<\/span><\/label><\/span><span class=\"wpcf7-list-item last\"><label><input type=\"checkbox\" name=\"your-mother-ingresos[]\" value=\"OTRO\" \/><span class=\"wpcf7-list-item-label\">OTRO<\/span><\/label><\/span><\/span><\/span>\n<\/p>\n<p><label> \u00bfCu\u00e1l?<br \/>\n<span class=\"wpcf7-form-control-wrap\" data-name=\"your-mother-cual\"><input size=\"150\" maxlength=\"400\" class=\"wpcf7-form-control wpcf7-text\" aria-invalid=\"false\" value=\"\" type=\"text\" name=\"your-mother-cual\" \/><\/span> <\/label>\n<\/p>\n<p><label> Rango de ingresos<br \/>\n<span class=\"wpcf7-form-control-wrap\" data-name=\"your-mother-range\"><select class=\"wpcf7-form-control wpcf7-select wpcf7-validates-as-required\" aria-required=\"true\" aria-invalid=\"false\" name=\"your-mother-range\"><option value=\"1-2 SMMLV\">1-2 SMMLV<\/option><option value=\"2-4 SMMLV\">2-4 SMMLV<\/option><option value=\"4-6 SMMLV\">4-6 SMMLV<\/option><option value=\"6-10 SMMLV\">6-10 SMMLV<\/option><option value=\"+10 SMMLV\">+10 SMMLV<\/option><\/select><\/span> <\/label>\n<\/p>\n<p><label> Direcci\u00f3n<br \/>\n<span class=\"wpcf7-form-control-wrap\" data-name=\"your-mother-address\"><input size=\"150\" maxlength=\"400\" class=\"wpcf7-form-control wpcf7-text wpcf7-validates-as-required\" aria-required=\"true\" aria-invalid=\"false\" value=\"\" type=\"text\" name=\"your-mother-address\" \/><\/span> <\/label>\n<\/p>\n<p><label> Tel\u00e9fono<br \/>\n<span class=\"wpcf7-form-control-wrap\" data-name=\"your-mother-phone\"><input size=\"150\" maxlength=\"400\" class=\"wpcf7-form-control wpcf7-text wpcf7-validates-as-required\" aria-required=\"true\" aria-invalid=\"false\" value=\"\" type=\"text\" name=\"your-mother-phone\" \/><\/span> <\/label>\n<\/p>\n<p><label> Correo Electr\u00f3nico<br \/>\n<span class=\"wpcf7-form-control-wrap\" data-name=\"your-mother-email\"><input size=\"150\" maxlength=\"400\" class=\"wpcf7-form-control wpcf7-email wpcf7-text wpcf7-validates-as-email\" aria-invalid=\"false\" value=\"\" type=\"email\" name=\"your-mother-email\" \/><\/span> <\/label>\n<\/p>\n<h3>DATOS DEL ACUDIENTE\n<\/h3>\n<p><label> Nombres y Apellidos<br \/>\n<span class=\"wpcf7-form-control-wrap\" data-name=\"your-guardian-name\"><input size=\"150\" maxlength=\"400\" class=\"wpcf7-form-control wpcf7-text wpcf7-validates-as-required\" aria-required=\"true\" aria-invalid=\"false\" value=\"\" type=\"text\" name=\"your-guardian-name\" \/><\/span> <\/label>\n<\/p>\n<p><label> C\u00e9dula de Ciudadan\u00eda<br \/>\n<span class=\"wpcf7-form-control-wrap\" data-name=\"your-guardian-document\"><input size=\"40\" maxlength=\"400\" class=\"wpcf7-form-control wpcf7-text wpcf7-validates-as-required\" aria-required=\"true\" aria-invalid=\"false\" value=\"\" type=\"text\" name=\"your-guardian-document\" \/><\/span> <\/label>\n<\/p>\n<p><label> Tel\u00e9fonos<br \/>\n<span class=\"wpcf7-form-control-wrap\" data-name=\"your-guardian-phone\"><input size=\"150\" maxlength=\"400\" class=\"wpcf7-form-control wpcf7-text wpcf7-validates-as-required\" aria-required=\"true\" aria-invalid=\"false\" value=\"\" type=\"text\" name=\"your-guardian-phone\" \/><\/span> <\/label>\n<\/p>\n<hr \/>\n<p><label> Observaciones<br \/>\n<span class=\"wpcf7-form-control-wrap\" data-name=\"your-observations\"><textarea cols=\"40\" rows=\"10\" maxlength=\"2000\" class=\"wpcf7-form-control wpcf7-textarea\" aria-invalid=\"false\" name=\"your-observations\"><\/textarea><\/span> <\/label>\n<\/p>\n<p><label> Cargar recibo de pago de inscripci\u00f3n<br \/>\n<span class=\"wpcf7-form-control-wrap\" data-name=\"your-file\"><input size=\"40\" class=\"wpcf7-form-control wpcf7-file wpcf7-validates-as-required\" accept=\".png,.jpg,.jpeg,.pdf\" aria-required=\"true\" aria-invalid=\"false\" type=\"file\" name=\"your-file\" \/><\/span> <\/label>\n<\/p>\n<h3>INFORMACI\u00d3N PARA FACTURACI\u00d3N\n<\/h3>\n<p><label> Nombre o Raz\u00f3n Social a favor de quien se expide la factura<br \/>\n<span class=\"wpcf7-form-control-wrap\" data-name=\"your-bill-name\"><input size=\"150\" maxlength=\"400\" class=\"wpcf7-form-control wpcf7-text wpcf7-validates-as-required\" aria-required=\"true\" aria-invalid=\"false\" value=\"\" type=\"text\" name=\"your-bill-name\" \/><\/span> <\/label>\n<\/p>\n<p><label> Tipo de Documento<br \/>\n<span class=\"wpcf7-form-control-wrap\" data-name=\"your-bill-type-document\"><select class=\"wpcf7-form-control wpcf7-select\" aria-invalid=\"false\" name=\"your-bill-type-document\"><option value=\"CC\">CC<\/option><option value=\"C\/E\">C\/E<\/option><option value=\"NIT\">NIT<\/option><\/select><\/span> <\/label>\n<\/p>\n<p><label> N\u00famero de documento<br \/>\n<span class=\"wpcf7-form-control-wrap\" data-name=\"your-bill-document\"><input size=\"40\" maxlength=\"400\" class=\"wpcf7-form-control wpcf7-text wpcf7-validates-as-required\" aria-required=\"true\" aria-invalid=\"false\" value=\"\" type=\"text\" name=\"your-bill-document\" \/><\/span> <\/label>\n<\/p>\n<p><label> Direcci\u00f3n<br \/>\n<span class=\"wpcf7-form-control-wrap\" data-name=\"your-bill-address\"><input size=\"150\" maxlength=\"400\" class=\"wpcf7-form-control wpcf7-text wpcf7-validates-as-required\" aria-required=\"true\" aria-invalid=\"false\" value=\"\" type=\"text\" name=\"your-bill-address\" \/><\/span> <\/label>\n<\/p>\n<p><label> Correo Electr\u00f3nico Recepci\u00f3n de Factura Electronica<br \/>\n<span class=\"wpcf7-form-control-wrap\" data-name=\"your-bill-email\"><input size=\"150\" maxlength=\"400\" class=\"wpcf7-form-control wpcf7-email wpcf7-text wpcf7-validates-as-email\" aria-invalid=\"false\" value=\"\" type=\"email\" name=\"your-bill-email\" \/><\/span> <\/label>\n<\/p>\n<p><label> Nombre del Responsable del Correo Electronico<br \/>\n<span class=\"wpcf7-form-control-wrap\" data-name=\"your-bill-name\"><input size=\"150\" maxlength=\"400\" class=\"wpcf7-form-control wpcf7-text wpcf7-validates-as-required\" aria-required=\"true\" aria-invalid=\"false\" value=\"\" type=\"text\" name=\"your-bill-name\" \/><\/span> <\/label>\n<\/p>\n<p><label> Celular<br \/>\n<span class=\"wpcf7-form-control-wrap\" data-name=\"your-bill-phone\"><input size=\"150\" maxlength=\"400\" class=\"wpcf7-form-control wpcf7-text wpcf7-validates-as-required\" aria-required=\"true\" aria-invalid=\"false\" value=\"\" type=\"text\" name=\"your-bill-phone\" \/><\/span> <\/label>\n<\/p>\n<hr \/>\n<p><input class=\"wpcf7-form-control wpcf7-submit has-spinner\" type=\"submit\" value=\"Enviar\" \/>\n<\/p><div class=\"wpcf7-response-output\" aria-hidden=\"true\"><\/div>\n<\/form>\n<\/div>\n[\/vc_tta_section][vc_tta_section title=&#8221;PASO 3 &#8211; PRESENTACI\u00d3N DEL PROYECTO &#8211; Semanalmente&#8221; tab_id=&#8221;1599054561086-91ecb3da-a96f&#8221;][\/vc_tta_section][vc_tta_section title=&#8221;PASO 4 &#8211; EXAMEN DE ADMISI\u00d3N &#8211; Octubre&#8221; tab_id=&#8221;1599054624013-4a4ace7a-9259&#8243;][\/vc_tta_section][vc_tta_section title=&#8221;PASO 5 &#8211; LISTADO DE ADMITIDOS &#8211; Informaci\u00f3n personalizada a partir del 18 de Octubre&#8221; tab_id=&#8221;1599054739782-d0b5dfe5-bc03&#8243;][vc_message][\/vc_message][\/vc_tta_section][\/vc_tta_accordion]<\/p>","protected":false},"excerpt":{"rendered":"<p>\u26a0\ufe0fADVERTENCIA\u26a0\ufe0f No contamos con cupo para los siguientes grados:&#8211; Transici\u00f3n \/ Pre-escolar&#8211; Segundo \/ B\u00e1sica Primaria&#8211; Tercero \/ B\u00e1sica Primaria&#8211; Cuarto \/ B\u00e1sica Primaria&#8211; Quinto \/ B\u00e1sica Primaria&#8211; Sexto \/ B\u00e1sica Secundaria&#8211; S\u00e9ptimo \/ B\u00e1sica Secundaria [vc_tta_accordion style=&#8221;outline&#8221; color=&#8221;sky&#8221; active_section=&#8221;&#8221; &hellip; <\/p>\n","protected":false},"author":1,"featured_media":0,"parent":0,"menu_order":0,"comment_status":"closed","ping_status":"closed","template":"","meta":{"_bbp_topic_count":0,"_bbp_reply_count":0,"_bbp_total_topic_count":0,"_bbp_total_reply_count":0,"_bbp_voice_count":0,"_bbp_anonymous_reply_count":0,"_bbp_topic_count_hidden":0,"_bbp_reply_count_hidden":0,"_bbp_forum_subforum_count":0,"ngg_post_thumbnail":0,"footnotes":""},"class_list":["post-12191","page","type-page","status-publish","hentry"],"_links":{"self":[{"href":"https:\/\/imperialeagles.edu.co\/web\/wp-json\/wp\/v2\/pages\/12191","targetHints":{"allow":["GET"]}}],"collection":[{"href":"https:\/\/imperialeagles.edu.co\/web\/wp-json\/wp\/v2\/pages"}],"about":[{"href":"https:\/\/imperialeagles.edu.co\/web\/wp-json\/wp\/v2\/types\/page"}],"author":[{"embeddable":true,"href":"https:\/\/imperialeagles.edu.co\/web\/wp-json\/wp\/v2\/users\/1"}],"replies":[{"embeddable":true,"href":"https:\/\/imperialeagles.edu.co\/web\/wp-json\/wp\/v2\/comments?post=12191"}],"version-history":[{"count":108,"href":"https:\/\/imperialeagles.edu.co\/web\/wp-json\/wp\/v2\/pages\/12191\/revisions"}],"predecessor-version":[{"id":13099,"href":"https:\/\/imperialeagles.edu.co\/web\/wp-json\/wp\/v2\/pages\/12191\/revisions\/13099"}],"wp:attachment":[{"href":"https:\/\/imperialeagles.edu.co\/web\/wp-json\/wp\/v2\/media?parent=12191"}],"curies":[{"name":"wp","href":"https:\/\/api.w.org\/{rel}","templated":true}]}}